{"id":6455,"date":"2024-10-31T16:11:26","date_gmt":"2024-10-31T15:11:26","guid":{"rendered":"https:\/\/www.sightseeing-experience.com\/magazine\/conseils\/langue-italienne\/"},"modified":"2024-11-04T10:36:11","modified_gmt":"2024-11-04T09:36:11","slug":"langue-italienne","status":"publish","type":"page","link":"https:\/\/www.sightseeing-experience.com\/magazine\/fr\/conseils\/langue-italienne\/","title":{"rendered":"Langue italienne"},"content":{"rendered":"\t\t<div data-elementor-type=\"wp-page\" data-elementor-id=\"6455\" class=\"elementor elementor-6455 elementor-6405\">\n\t\t\t\t\t\t<section class=\"penci-section penci-disSticky penci-structure-10 elementor-section elementor-top-section elementor-element elementor-element-510d4da elementor-section-boxed elementor-section-height-default elementor-section-height-default\" data-id=\"510d4da\" data-element_type=\"section\">\n\t\t\t\t\t\t<div class=\"elementor-container elementor-column-gap-default\">\n\t\t\t\t\t<div class=\"penci-ercol-100 penci-ercol-order-1 penci-sticky-ct    elementor-column elementor-col-100 elementor-top-column elementor-element elementor-element-e61cf65\" data-id=\"e61cf65\" data-element_type=\"column\">\n\t\t\t<div class=\"elementor-widget-wrap elementor-element-populated\">\n\t\t\t\t\t\t<div class=\"elementor-element elementor-element-74fa4bb penci-h-poswrap-center penci-v-poswrap-middle elementor-widget elementor-widget-penci-custom-sliders\" data-id=\"74fa4bb\" data-element_type=\"widget\" data-widget_type=\"penci-custom-sliders.default\">\n\t\t\t\t<div class=\"elementor-widget-container\">\n\t\t\t<div class=\"penci-block-vc penci-custom-slides\"><div class=\"penci-block_content penci-slides-wrap swiper penci-owl-carousel penci-owl-carousel-slider pcdots-dots\"  data-items=\"1\" data-auto=\"true\" data-autotime=\"4000\" data-speed=\"800\" data-anim=\"slide\" data-ceffect=\"swing\" data-seffect=\"creative\"><div class=\"swiper-wrapper\"><div class=\"swiper-slide elementor-repeater-item-ee510d3 penci-ctslide-wrap\"><div class=\"penci-custom-slide\"><div class=\"penci-ctslide-bg\"><\/div><div class=\"penci-ctslide-inner\"><div class=\"penci-ctslider-bg-overlay\"><\/div><div class=\"penci-ctslider-content penci-fadeInUp\"><h2 class=\"pencislider-title\">\u00c0 VOIR<\/h2><div class=\"penci-slider_btnwrap\"><a class=\"pencislider-btn pencislider-btn-1 penci-button\" href=\"https:\/\/www.sightseeing-experience.com\/fr\/billets-entre\" target=\"_blank\"><span>R\u00e9servez maintenant<br>votre exp\u00e9rience<\/span><\/a><\/div><\/div><\/div><\/div><\/div><div class=\"swiper-slide elementor-repeater-item-58807f6 penci-ctslide-wrap\"><div class=\"penci-custom-slide\"><div class=\"penci-ctslide-bg\"><\/div><div class=\"penci-ctslide-inner\"><div class=\"penci-ctslider-bg-overlay\"><\/div><div class=\"penci-ctslider-content penci-fadeInUp\"><h2 class=\"pencislider-title\">TOUR GASTRONOMIQUE<\/h2><div class=\"penci-slider_btnwrap\"><a class=\"pencislider-btn pencislider-btn-1 penci-button\" href=\"https:\/\/www.sightseeing-experience.com\/fr\/food-drink-tour-gastronomique\" target=\"_blank\"><span>R\u00e9servez maintenant<br>votre exp\u00e9rience<\/span><\/a><\/div><\/div><\/div><\/div><\/div><div class=\"swiper-slide elementor-repeater-item-dcf38ed penci-ctslide-wrap\"><div class=\"penci-custom-slide\"><div class=\"penci-ctslide-bg\"><\/div><div class=\"penci-ctslide-inner\"><div class=\"penci-ctslider-bg-overlay\"><\/div><div class=\"penci-ctslider-content penci-fadeInUp\"><h2 class=\"pencislider-title\">\u00c9V\u00c9NEMENTS & TRADITIONS<\/h2><div class=\"penci-slider_btnwrap\"><a class=\"pencislider-btn pencislider-btn-1 penci-button\" href=\"https:\/\/www.sightseeing-experience.com\/fr\/excursions-en-italie\" target=\"_blank\"><span>R\u00e9servez maintenant<br>votre exp\u00e9rience<\/span><\/a><\/div><\/div><\/div><\/div><\/div><\/div><\/div><\/div>\t\t<\/div>\n\t\t\t\t<\/div>\n\t\t\t\t<div class=\"elementor-element elementor-element-63ddaf3 elementor-widget-divider--view-line elementor-widget elementor-widget-divider\" data-id=\"63ddaf3\" data-element_type=\"widget\" data-widget_type=\"divider.default\">\n\t\t\t\t<div class=\"elementor-widget-container\">\n\t\t\t\t\t<div class=\"elementor-divider\">\n\t\t\t<span class=\"elementor-divider-separator\">\n\t\t\t\t\t\t<\/span>\n\t\t<\/div>\n\t\t\t\t<\/div>\n\t\t\t\t<\/div>\n\t\t\t\t<div class=\"elementor-element elementor-element-3c1b668 elementor-widget elementor-widget-penci-big-grid\" data-id=\"3c1b668\" data-element_type=\"widget\" data-widget_type=\"penci-big-grid.default\">\n\t\t\t\t<div class=\"elementor-widget-container\">\n\t\t\t        <div class=\"penci-clearfix penci-biggrid-wrapper penci-grid-col-3 penci-grid-mcol-1 penci-bgrid-based-post penci-bgrid-style-1 pcbg-ficonpo-top-right pcbg-reiconpo-top-left penci-bgrid-content-on pencibg-imageh-zoom-in pencibg-texth-none pencibg-textani-movetop textop\">\r\n\t\t\t            <div class=\"penci-clearfix penci-biggrid penci-bgstyle-1 penci-bgel\">\r\n                <div class=\"penci-biggrid-inner default\">\r\n\t\t\t\t\t<div class=\"penci-clearfix penci-biggrid-data penci-dflex\"><div class=\"penci-bgitem\">\r\n    <div class=\"penci-bgitin\">\r\n        <div class=\"penci-bgmain\">\r\n            <div class=\"pcbg-thumb\">\r\n\t\t\t\t\t\t\t\t                <div class=\"pcbg-thumbin\">\r\n                    <a class=\"pcbg-bgoverlay\"\r\n                       href=\"https:\/\/www.sightseeing-experience.com\/magazine\/fr\/15-phrases-de-base-en-italien-pour-votre-voyage-en-italie\/\" title=\"15 phrases de base en italien pour votre voyage en Italie\"><\/a>\r\n\t\t\t\t\t                        <div class=\"penci-image-holder penci-lazy\"                             data-bgset=\"https:\/\/www.sightseeing-experience.com\/magazine\/wp-content\/uploads\/2024\/01\/AdobeStock_221754725-585x390.jpeg\" data_bg_hidpi=\"https:\/\/www.sightseeing-experience.com\/magazine\/wp-content\/uploads\/2024\/01\/AdobeStock_221754725-585x390.jpeg\"\r\n                             data-sizes=\"(max-width: 767px) 585px, 585px\">\r\n                        <\/div>\r\n\t\t\t\t\t                <\/div>\r\n            <\/div>\r\n            <div class=\"pcbg-content\">\r\n                <div class=\"pcbg-content-flex\">\r\n                    <a class=\"pcbg-bgoverlay active-overlay\"\r\n                       href=\"https:\/\/www.sightseeing-experience.com\/magazine\/fr\/15-phrases-de-base-en-italien-pour-votre-voyage-en-italie\/\" title=\"15 phrases de base en italien pour votre voyage en Italie\"><\/a>\r\n                    <div class=\"pcbg-content-inner bgcontent-block\">\r\n                        <a href=\"https:\/\/www.sightseeing-experience.com\/magazine\/fr\/15-phrases-de-base-en-italien-pour-votre-voyage-en-italie\/\" title=\"15 phrases de base en italien pour votre voyage en Italie\"\r\n                           class=\"pcbg-bgoverlaytext item-hover\"><\/a>\r\n\r\n\t\t\t\t\t\t\r\n\t\t\t\t\t\t                            <div class=\"pcbg-heading item-hover\">\r\n                                <h3 class=\"pcbg-title\">\r\n                                    <a href=\"https:\/\/www.sightseeing-experience.com\/magazine\/fr\/15-phrases-de-base-en-italien-pour-votre-voyage-en-italie\/\">\r\n\t\t\t\t\t\t\t\t\t\t15 phrases de base en italien pour votre voyage en Italie                                    <\/a>\r\n                                <\/h3>\r\n                            <\/div>\r\n\t\t\t\t\t\t\r\n\t\t\t\t\t\t\r\n\t\t\t\t\t\t                    <\/div>\r\n                <\/div>\r\n            <\/div>\r\n        <\/div>\r\n    <\/div>\r\n<\/div>\r\n<div class=\"penci-bgitem\">\r\n    <div class=\"penci-bgitin\">\r\n        <div class=\"penci-bgmain\">\r\n            <div class=\"pcbg-thumb\">\r\n\t\t\t\t\t\t\t\t                <div class=\"pcbg-thumbin\">\r\n                    <a class=\"pcbg-bgoverlay\"\r\n                       href=\"https:\/\/www.sightseeing-experience.com\/magazine\/fr\/top-10-des-chocs-culturels-en-italie-ce-que-les-touristes-americains-doivent-savoir-avant-de-se-rendre-sur-place\/\" title=\"Top 10 des chocs culturels en Italie : ce que les touristes am\u00e9ricains doivent savoir avant de se rendre sur place\"><\/a>\r\n\t\t\t\t\t                        <div class=\"penci-image-holder penci-lazy\"                             data-bgset=\"https:\/\/www.sightseeing-experience.com\/magazine\/wp-content\/uploads\/2023\/12\/AdobeStock_647586014-585x361.jpeg\" data_bg_hidpi=\"https:\/\/www.sightseeing-experience.com\/magazine\/wp-content\/uploads\/2023\/12\/AdobeStock_647586014-585x361.jpeg\"\r\n                             data-sizes=\"(max-width: 767px) 585px, 585px\">\r\n                        <\/div>\r\n\t\t\t\t\t                <\/div>\r\n            <\/div>\r\n            <div class=\"pcbg-content\">\r\n                <div class=\"pcbg-content-flex\">\r\n                    <a class=\"pcbg-bgoverlay active-overlay\"\r\n                       href=\"https:\/\/www.sightseeing-experience.com\/magazine\/fr\/top-10-des-chocs-culturels-en-italie-ce-que-les-touristes-americains-doivent-savoir-avant-de-se-rendre-sur-place\/\" title=\"Top 10 des chocs culturels en Italie : ce que les touristes am\u00e9ricains doivent savoir avant de se rendre sur place\"><\/a>\r\n                    <div class=\"pcbg-content-inner bgcontent-block\">\r\n                        <a href=\"https:\/\/www.sightseeing-experience.com\/magazine\/fr\/top-10-des-chocs-culturels-en-italie-ce-que-les-touristes-americains-doivent-savoir-avant-de-se-rendre-sur-place\/\" title=\"Top 10 des chocs culturels en Italie : ce que les touristes am\u00e9ricains doivent savoir avant de se rendre sur place\"\r\n                           class=\"pcbg-bgoverlaytext item-hover\"><\/a>\r\n\r\n\t\t\t\t\t\t\r\n\t\t\t\t\t\t                            <div class=\"pcbg-heading item-hover\">\r\n                                <h3 class=\"pcbg-title\">\r\n                                    <a href=\"https:\/\/www.sightseeing-experience.com\/magazine\/fr\/top-10-des-chocs-culturels-en-italie-ce-que-les-touristes-americains-doivent-savoir-avant-de-se-rendre-sur-place\/\">\r\n\t\t\t\t\t\t\t\t\t\tTop 10 des chocs culturels en Italie : ce que les touristes am\u00e9ricains doivent savoir avant de se rendre sur place                                    <\/a>\r\n                                <\/h3>\r\n                            <\/div>\r\n\t\t\t\t\t\t\r\n\t\t\t\t\t\t\r\n\t\t\t\t\t\t                    <\/div>\r\n                <\/div>\r\n            <\/div>\r\n        <\/div>\r\n    <\/div>\r\n<\/div>\r\n<\/div>                <\/div>\r\n\t\t\t\t            <\/div>\r\n        <\/div>\r\n\t\t\t\t<\/div>\n\t\t\t\t<\/div>\n\t\t\t\t\t<\/div>\n\t\t<\/div>\n\t\t\t\t\t<\/div>\n\t\t<\/section>\n\t\t\t\t<section class=\"penci-section penci-disSticky penci-structure-10 elementor-section elementor-top-section elementor-element elementor-element-5d72367 elementor-section-boxed elementor-section-height-default elementor-section-height-default\" data-id=\"5d72367\" data-element_type=\"section\">\n\t\t\t\t\t\t<div class=\"elementor-container elementor-column-gap-default\">\n\t\t\t\t\t<div class=\"penci-ercol-100 penci-ercol-order-1 penci-sticky-ct    elementor-column elementor-col-100 elementor-top-column elementor-element elementor-element-2ec3141\" data-id=\"2ec3141\" data-element_type=\"column\">\n\t\t\t<div class=\"elementor-widget-wrap\">\n\t\t\t\t\t\t\t<\/div>\n\t\t<\/div>\n\t\t\t\t\t<\/div>\n\t\t<\/section>\n\t\t\t\t<\/div>\n\t\t","protected":false},"excerpt":{"rendered":"<p>\u00c0 VOIR R\u00e9servez maintenantvotre exp\u00e9rience TOUR GASTRONOMIQUE R\u00e9servez maintenantvotre exp\u00e9rience \u00c9V\u00c9NEMENTS &#038; TRADITIONS R\u00e9servez maintenantvotre exp\u00e9rience 15 phrases de base en italien pour votre voyage en Italie Top 10 des&hellip;<\/p>\n","protected":false},"author":1,"featured_media":0,"parent":2791,"menu_order":0,"comment_status":"closed","ping_status":"closed","template":"page-vc.php","meta":{"footnotes":""},"class_list":["post-6455","page","type-page","status-publish","hentry"],"yoast_head":"<!-- This site is optimized with the Yoast SEO plugin v24.0 - https:\/\/yoast.com\/wordpress\/plugins\/seo\/ -->\n<title>Conseils aux voyageurs pour l&#039;Italie - Conseils d&#039;experts pour un voyage parfait<\/title>\n<meta name=\"description\" content=\"D\u00e9couvrez les conseils de voyage essentiels pour l&#039;Italie. Des conseils pour faire vos valises \u00e0 la navigation dans les villes en passant par les coutumes locales, obtenez des conseils d&#039;experts pour rendre votre voyage en Italie inoubliable gr\u00e2ce au magazine Sightseeing Experience.\" \/>\n<meta name=\"robots\" content=\"index, follow, max-snippet:-1, max-image-preview:large, max-video-preview:-1\" \/>\n<link rel=\"canonical\" href=\"https:\/\/www.sightseeing-experience.com\/magazine\/fr\/conseils\/langue-italienne\/\" \/>\n<meta property=\"og:locale\" content=\"fr_FR\" \/>\n<meta property=\"og:type\" content=\"article\" \/>\n<meta property=\"og:title\" content=\"Conseils aux voyageurs pour l&#039;Italie - Conseils d&#039;experts pour un voyage parfait\" \/>\n<meta property=\"og:description\" content=\"D\u00e9couvrez les conseils de voyage essentiels pour l&#039;Italie. Des conseils pour faire vos valises \u00e0 la navigation dans les villes en passant par les coutumes locales, obtenez des conseils d&#039;experts pour rendre votre voyage en Italie inoubliable gr\u00e2ce au magazine Sightseeing Experience.\" \/>\n<meta property=\"og:url\" content=\"https:\/\/www.sightseeing-experience.com\/magazine\/fr\/conseils\/langue-italienne\/\" \/>\n<meta property=\"og:site_name\" content=\"https:\/\/www.sightseeing-experience.com\/magazine\/\" \/>\n<meta property=\"article:modified_time\" content=\"2024-11-04T09:36:11+00:00\" \/>\n<meta name=\"twitter:card\" content=\"summary_large_image\" \/>\n<meta name=\"twitter:label1\" content=\"Dur\u00e9e de lecture estim\u00e9e\" \/>\n\t<meta name=\"twitter:data1\" content=\"1 minute\" \/>\n<script type=\"application\/ld+json\" class=\"yoast-schema-graph\">{\"@context\":\"https:\/\/schema.org\",\"@graph\":[{\"@type\":\"WebPage\",\"@id\":\"https:\/\/www.sightseeing-experience.com\/magazine\/fr\/conseils\/langue-italienne\/\",\"url\":\"https:\/\/www.sightseeing-experience.com\/magazine\/fr\/conseils\/langue-italienne\/\",\"name\":\"Conseils aux voyageurs pour l'Italie - Conseils d'experts pour un voyage parfait\",\"isPartOf\":{\"@id\":\"https:\/\/www.sightseeing-experience.com\/magazine\/#website\"},\"datePublished\":\"2024-10-31T15:11:26+00:00\",\"dateModified\":\"2024-11-04T09:36:11+00:00\",\"description\":\"D\u00e9couvrez les conseils de voyage essentiels pour l'Italie. Des conseils pour faire vos valises \u00e0 la navigation dans les villes en passant par les coutumes locales, obtenez des conseils d'experts pour rendre votre voyage en Italie inoubliable gr\u00e2ce au magazine Sightseeing Experience.\",\"breadcrumb\":{\"@id\":\"https:\/\/www.sightseeing-experience.com\/magazine\/fr\/conseils\/langue-italienne\/#breadcrumb\"},\"inLanguage\":\"fr-FR\",\"potentialAction\":[{\"@type\":\"ReadAction\",\"target\":[\"https:\/\/www.sightseeing-experience.com\/magazine\/fr\/conseils\/langue-italienne\/\"]}]},{\"@type\":\"BreadcrumbList\",\"@id\":\"https:\/\/www.sightseeing-experience.com\/magazine\/fr\/conseils\/langue-italienne\/#breadcrumb\",\"itemListElement\":[{\"@type\":\"ListItem\",\"position\":1,\"name\":\"Home\",\"item\":\"https:\/\/www.sightseeing-experience.com\/magazine\/es\/\"},{\"@type\":\"ListItem\",\"position\":2,\"name\":\"CONSEILS\",\"item\":\"https:\/\/www.sightseeing-experience.com\/magazine\/fr\/conseils\/\"},{\"@type\":\"ListItem\",\"position\":3,\"name\":\"Langue italienne\"}]},{\"@type\":\"WebSite\",\"@id\":\"https:\/\/www.sightseeing-experience.com\/magazine\/#website\",\"url\":\"https:\/\/www.sightseeing-experience.com\/magazine\/\",\"name\":\"https:\/\/www.sightseeing-experience.com\/magazine\/\",\"description\":\"The official Tour Operator of City\",\"potentialAction\":[{\"@type\":\"SearchAction\",\"target\":{\"@type\":\"EntryPoint\",\"urlTemplate\":\"https:\/\/www.sightseeing-experience.com\/magazine\/?s={search_term_string}\"},\"query-input\":{\"@type\":\"PropertyValueSpecification\",\"valueRequired\":true,\"valueName\":\"search_term_string\"}}],\"inLanguage\":\"fr-FR\"}]}<\/script>\n<!-- \/ Yoast SEO plugin. -->","yoast_head_json":{"title":"Conseils aux voyageurs pour l'Italie - Conseils d'experts pour un voyage parfait","description":"D\u00e9couvrez les conseils de voyage essentiels pour l'Italie. Des conseils pour faire vos valises \u00e0 la navigation dans les villes en passant par les coutumes locales, obtenez des conseils d'experts pour rendre votre voyage en Italie inoubliable gr\u00e2ce au magazine Sightseeing Experience.","robots":{"index":"index","follow":"follow","max-snippet":"max-snippet:-1","max-image-preview":"max-image-preview:large","max-video-preview":"max-video-preview:-1"},"canonical":"https:\/\/www.sightseeing-experience.com\/magazine\/fr\/conseils\/langue-italienne\/","og_locale":"fr_FR","og_type":"article","og_title":"Conseils aux voyageurs pour l'Italie - Conseils d'experts pour un voyage parfait","og_description":"D\u00e9couvrez les conseils de voyage essentiels pour l'Italie. Des conseils pour faire vos valises \u00e0 la navigation dans les villes en passant par les coutumes locales, obtenez des conseils d'experts pour rendre votre voyage en Italie inoubliable gr\u00e2ce au magazine Sightseeing Experience.","og_url":"https:\/\/www.sightseeing-experience.com\/magazine\/fr\/conseils\/langue-italienne\/","og_site_name":"https:\/\/www.sightseeing-experience.com\/magazine\/","article_modified_time":"2024-11-04T09:36:11+00:00","twitter_card":"summary_large_image","twitter_misc":{"Dur\u00e9e de lecture estim\u00e9e":"1 minute"},"schema":{"@context":"https:\/\/schema.org","@graph":[{"@type":"WebPage","@id":"https:\/\/www.sightseeing-experience.com\/magazine\/fr\/conseils\/langue-italienne\/","url":"https:\/\/www.sightseeing-experience.com\/magazine\/fr\/conseils\/langue-italienne\/","name":"Conseils aux voyageurs pour l'Italie - Conseils d'experts pour un voyage parfait","isPartOf":{"@id":"https:\/\/www.sightseeing-experience.com\/magazine\/#website"},"datePublished":"2024-10-31T15:11:26+00:00","dateModified":"2024-11-04T09:36:11+00:00","description":"D\u00e9couvrez les conseils de voyage essentiels pour l'Italie. Des conseils pour faire vos valises \u00e0 la navigation dans les villes en passant par les coutumes locales, obtenez des conseils d'experts pour rendre votre voyage en Italie inoubliable gr\u00e2ce au magazine Sightseeing Experience.","breadcrumb":{"@id":"https:\/\/www.sightseeing-experience.com\/magazine\/fr\/conseils\/langue-italienne\/#breadcrumb"},"inLanguage":"fr-FR","potentialAction":[{"@type":"ReadAction","target":["https:\/\/www.sightseeing-experience.com\/magazine\/fr\/conseils\/langue-italienne\/"]}]},{"@type":"BreadcrumbList","@id":"https:\/\/www.sightseeing-experience.com\/magazine\/fr\/conseils\/langue-italienne\/#breadcrumb","itemListElement":[{"@type":"ListItem","position":1,"name":"Home","item":"https:\/\/www.sightseeing-experience.com\/magazine\/es\/"},{"@type":"ListItem","position":2,"name":"CONSEILS","item":"https:\/\/www.sightseeing-experience.com\/magazine\/fr\/conseils\/"},{"@type":"ListItem","position":3,"name":"Langue italienne"}]},{"@type":"WebSite","@id":"https:\/\/www.sightseeing-experience.com\/magazine\/#website","url":"https:\/\/www.sightseeing-experience.com\/magazine\/","name":"https:\/\/www.sightseeing-experience.com\/magazine\/","description":"The official Tour Operator of City","potentialAction":[{"@type":"SearchAction","target":{"@type":"EntryPoint","urlTemplate":"https:\/\/www.sightseeing-experience.com\/magazine\/?s={search_term_string}"},"query-input":{"@type":"PropertyValueSpecification","valueRequired":true,"valueName":"search_term_string"}}],"inLanguage":"fr-FR"}]}},"_links":{"self":[{"href":"https:\/\/www.sightseeing-experience.com\/magazine\/fr\/wp-json\/wp\/v2\/pages\/6455","targetHints":{"allow":["GET"]}}],"collection":[{"href":"https:\/\/www.sightseeing-experience.com\/magazine\/fr\/wp-json\/wp\/v2\/pages"}],"about":[{"href":"https:\/\/www.sightseeing-experience.com\/magazine\/fr\/wp-json\/wp\/v2\/types\/page"}],"author":[{"embeddable":true,"href":"https:\/\/www.sightseeing-experience.com\/magazine\/fr\/wp-json\/wp\/v2\/users\/1"}],"replies":[{"embeddable":true,"href":"https:\/\/www.sightseeing-experience.com\/magazine\/fr\/wp-json\/wp\/v2\/comments?post=6455"}],"version-history":[{"count":5,"href":"https:\/\/www.sightseeing-experience.com\/magazine\/fr\/wp-json\/wp\/v2\/pages\/6455\/revisions"}],"predecessor-version":[{"id":7081,"href":"https:\/\/www.sightseeing-experience.com\/magazine\/fr\/wp-json\/wp\/v2\/pages\/6455\/revisions\/7081"}],"up":[{"embeddable":true,"href":"https:\/\/www.sightseeing-experience.com\/magazine\/fr\/wp-json\/wp\/v2\/pages\/2791"}],"wp:attachment":[{"href":"https:\/\/www.sightseeing-experience.com\/magazine\/fr\/wp-json\/wp\/v2\/media?parent=6455"}],"curies":[{"name":"wp","href":"https:\/\/api.w.org\/{rel}","templated":true}]}}