{"id":6078,"date":"2024-10-31T15:46:16","date_gmt":"2024-10-31T14:46:16","guid":{"rendered":"https:\/\/www.sightseeing-experience.com\/magazine\/destinations\/livourne\/"},"modified":"2024-11-04T10:36:35","modified_gmt":"2024-11-04T09:36:35","slug":"livourne","status":"publish","type":"page","link":"https:\/\/www.sightseeing-experience.com\/magazine\/fr\/destinations\/livourne\/","title":{"rendered":"Livourne"},"content":{"rendered":"\t\t<div data-elementor-type=\"wp-page\" data-elementor-id=\"6078\" class=\"elementor elementor-6078 elementor-6018\">\n\t\t\t\t\t\t<section class=\"penci-section penci-disSticky penci-structure-10 elementor-section elementor-top-section elementor-element elementor-element-510d4da elementor-section-boxed elementor-section-height-default elementor-section-height-default\" data-id=\"510d4da\" data-element_type=\"section\">\n\t\t\t\t\t\t<div class=\"elementor-container elementor-column-gap-default\">\n\t\t\t\t\t<div class=\"penci-ercol-100 penci-ercol-order-1 penci-sticky-ct    elementor-column elementor-col-100 elementor-top-column elementor-element elementor-element-e61cf65\" data-id=\"e61cf65\" data-element_type=\"column\">\n\t\t\t<div class=\"elementor-widget-wrap elementor-element-populated\">\n\t\t\t\t\t\t<div class=\"elementor-element elementor-element-a556e58 penci-h-poswrap-center penci-v-poswrap-middle elementor-widget elementor-widget-penci-custom-sliders\" data-id=\"a556e58\" data-element_type=\"widget\" data-widget_type=\"penci-custom-sliders.default\">\n\t\t\t\t<div class=\"elementor-widget-container\">\n\t\t\t<div class=\"penci-block-vc penci-custom-slides\"><div class=\"penci-block_content penci-slides-wrap swiper penci-owl-carousel penci-owl-carousel-slider pcdots-dots\"  data-items=\"1\" data-auto=\"true\" data-autotime=\"4000\" data-speed=\"800\" data-anim=\"slide\" data-ceffect=\"swing\" data-seffect=\"creative\"><div class=\"swiper-wrapper\"><div class=\"swiper-slide elementor-repeater-item-ee510d3 penci-ctslide-wrap\"><div class=\"penci-custom-slide\"><div class=\"penci-ctslide-bg\"><\/div><div class=\"penci-ctslide-inner\"><div class=\"penci-ctslider-bg-overlay\"><\/div><div class=\"penci-ctslider-content penci-fadeInUp\"><h2 class=\"pencislider-title\">\u00c0 VOIR<\/h2><div class=\"penci-slider_btnwrap\"><a class=\"pencislider-btn pencislider-btn-1 penci-button\" href=\"https:\/\/www.sightseeing-experience.com\/fr\/billets-entre\" target=\"_blank\"><span>R\u00e9servez maintenant<br>votre exp\u00e9rience<\/span><\/a><\/div><\/div><\/div><\/div><\/div><div class=\"swiper-slide elementor-repeater-item-58807f6 penci-ctslide-wrap\"><div class=\"penci-custom-slide\"><div class=\"penci-ctslide-bg\"><\/div><div class=\"penci-ctslide-inner\"><div class=\"penci-ctslider-bg-overlay\"><\/div><div class=\"penci-ctslider-content penci-fadeInUp\"><h2 class=\"pencislider-title\">TOUR GASTRONOMIQUE<\/h2><div class=\"penci-slider_btnwrap\"><a class=\"pencislider-btn pencislider-btn-1 penci-button\" href=\"https:\/\/www.sightseeing-experience.com\/fr\/food-drink-tour-gastronomique\" target=\"_blank\"><span>R\u00e9servez maintenant<br>votre exp\u00e9rience<\/span><\/a><\/div><\/div><\/div><\/div><\/div><div class=\"swiper-slide elementor-repeater-item-dcf38ed penci-ctslide-wrap\"><div class=\"penci-custom-slide\"><div class=\"penci-ctslide-bg\"><\/div><div class=\"penci-ctslide-inner\"><div class=\"penci-ctslider-bg-overlay\"><\/div><div class=\"penci-ctslider-content penci-fadeInUp\"><h2 class=\"pencislider-title\">\u00c9V\u00c9NEMENTS & TRADITIONS<\/h2><div class=\"penci-slider_btnwrap\"><a class=\"pencislider-btn pencislider-btn-1 penci-button\" href=\"https:\/\/www.sightseeing-experience.com\/fr\/excursions-en-italie\" target=\"_blank\"><span>R\u00e9servez maintenant<br>votre exp\u00e9rience<\/span><\/a><\/div><\/div><\/div><\/div><\/div><\/div><\/div><\/div>\t\t<\/div>\n\t\t\t\t<\/div>\n\t\t\t\t<div class=\"elementor-element elementor-element-63ddaf3 elementor-widget-divider--view-line elementor-widget elementor-widget-divider\" data-id=\"63ddaf3\" data-element_type=\"widget\" data-widget_type=\"divider.default\">\n\t\t\t\t<div class=\"elementor-widget-container\">\n\t\t\t\t\t<div class=\"elementor-divider\">\n\t\t\t<span class=\"elementor-divider-separator\">\n\t\t\t\t\t\t<\/span>\n\t\t<\/div>\n\t\t\t\t<\/div>\n\t\t\t\t<\/div>\n\t\t\t\t<div class=\"elementor-element elementor-element-3c1b668 elementor-widget elementor-widget-penci-big-grid\" data-id=\"3c1b668\" data-element_type=\"widget\" data-widget_type=\"penci-big-grid.default\">\n\t\t\t\t<div class=\"elementor-widget-container\">\n\t\t\t        <div class=\"penci-clearfix penci-biggrid-wrapper penci-grid-col-3 penci-grid-mcol-1 penci-bgrid-based-post penci-bgrid-style-1 pcbg-ficonpo-top-right pcbg-reiconpo-top-left penci-bgrid-content-on pencibg-imageh-zoom-in pencibg-texth-none pencibg-textani-movetop textop\">\r\n\t\t\t            <div class=\"penci-clearfix penci-biggrid penci-bgstyle-1 penci-bgel\">\r\n                <div class=\"penci-biggrid-inner default\">\r\n\t\t\t\t\t<div class=\"penci-clearfix penci-biggrid-data penci-dflex\"><div class=\"penci-bgitem\">\r\n    <div class=\"penci-bgitin\">\r\n        <div class=\"penci-bgmain\">\r\n            <div class=\"pcbg-thumb\">\r\n\t\t\t\t\t\t\t\t                <div class=\"pcbg-thumbin\">\r\n                    <a class=\"pcbg-bgoverlay\"\r\n                       href=\"https:\/\/www.sightseeing-experience.com\/magazine\/fr\/explorer-le-quartiere-venezia-nuova-le-coeur-venitien-de-livourne\/\" title=\"Explorer le Quartiere Venezia Nuova : le c\u0153ur v\u00e9nitien de Livourne\"><\/a>\r\n\t\t\t\t\t                        <div class=\"penci-image-holder penci-lazy\"                             data-bgset=\"https:\/\/www.sightseeing-experience.com\/magazine\/wp-content\/uploads\/2025\/09\/AdobeStock_205718238-585x388.jpeg\" data_bg_hidpi=\"https:\/\/www.sightseeing-experience.com\/magazine\/wp-content\/uploads\/2025\/09\/AdobeStock_205718238-585x388.jpeg\"\r\n                             data-sizes=\"(max-width: 767px) 585px, 585px\">\r\n                        <\/div>\r\n\t\t\t\t\t                <\/div>\r\n            <\/div>\r\n            <div class=\"pcbg-content\">\r\n                <div class=\"pcbg-content-flex\">\r\n                    <a class=\"pcbg-bgoverlay active-overlay\"\r\n                       href=\"https:\/\/www.sightseeing-experience.com\/magazine\/fr\/explorer-le-quartiere-venezia-nuova-le-coeur-venitien-de-livourne\/\" title=\"Explorer le Quartiere Venezia Nuova : le c\u0153ur v\u00e9nitien de Livourne\"><\/a>\r\n                    <div class=\"pcbg-content-inner bgcontent-block\">\r\n                        <a href=\"https:\/\/www.sightseeing-experience.com\/magazine\/fr\/explorer-le-quartiere-venezia-nuova-le-coeur-venitien-de-livourne\/\" title=\"Explorer le Quartiere Venezia Nuova : le c\u0153ur v\u00e9nitien de Livourne\"\r\n                           class=\"pcbg-bgoverlaytext item-hover\"><\/a>\r\n\r\n\t\t\t\t\t\t\r\n\t\t\t\t\t\t                            <div class=\"pcbg-heading item-hover\">\r\n                                <h3 class=\"pcbg-title\">\r\n                                    <a href=\"https:\/\/www.sightseeing-experience.com\/magazine\/fr\/explorer-le-quartiere-venezia-nuova-le-coeur-venitien-de-livourne\/\">\r\n\t\t\t\t\t\t\t\t\t\tExplorer le Quartiere Venezia Nuova : le c\u0153ur v\u00e9nitien de Livourne                                    <\/a>\r\n                                <\/h3>\r\n                            <\/div>\r\n\t\t\t\t\t\t\r\n\t\t\t\t\t\t\r\n\t\t\t\t\t\t                    <\/div>\r\n                <\/div>\r\n            <\/div>\r\n        <\/div>\r\n    <\/div>\r\n<\/div>\r\n<div class=\"penci-bgitem\">\r\n    <div class=\"penci-bgitin\">\r\n        <div class=\"penci-bgmain\">\r\n            <div class=\"pcbg-thumb\">\r\n\t\t\t\t\t\t\t\t                <div class=\"pcbg-thumbin\">\r\n                    <a class=\"pcbg-bgoverlay\"\r\n                       href=\"https:\/\/www.sightseeing-experience.com\/magazine\/fr\/livourne-curiosites-fascinantes-a-propos-de\/\" title=\"Livourne : Curiosit\u00e9s fascinantes \u00e0 propos de\"><\/a>\r\n\t\t\t\t\t                        <div class=\"penci-image-holder penci-lazy\"                             data-bgset=\"https:\/\/www.sightseeing-experience.com\/magazine\/wp-content\/uploads\/2025\/09\/AdobeStock_133616214-1-585x390.jpeg\" data_bg_hidpi=\"https:\/\/www.sightseeing-experience.com\/magazine\/wp-content\/uploads\/2025\/09\/AdobeStock_133616214-1-585x390.jpeg\"\r\n                             data-sizes=\"(max-width: 767px) 585px, 585px\">\r\n                        <\/div>\r\n\t\t\t\t\t                <\/div>\r\n            <\/div>\r\n            <div class=\"pcbg-content\">\r\n                <div class=\"pcbg-content-flex\">\r\n                    <a class=\"pcbg-bgoverlay active-overlay\"\r\n                       href=\"https:\/\/www.sightseeing-experience.com\/magazine\/fr\/livourne-curiosites-fascinantes-a-propos-de\/\" title=\"Livourne : Curiosit\u00e9s fascinantes \u00e0 propos de\"><\/a>\r\n                    <div class=\"pcbg-content-inner bgcontent-block\">\r\n                        <a href=\"https:\/\/www.sightseeing-experience.com\/magazine\/fr\/livourne-curiosites-fascinantes-a-propos-de\/\" title=\"Livourne : Curiosit\u00e9s fascinantes \u00e0 propos de\"\r\n                           class=\"pcbg-bgoverlaytext item-hover\"><\/a>\r\n\r\n\t\t\t\t\t\t\r\n\t\t\t\t\t\t                            <div class=\"pcbg-heading item-hover\">\r\n                                <h3 class=\"pcbg-title\">\r\n                                    <a href=\"https:\/\/www.sightseeing-experience.com\/magazine\/fr\/livourne-curiosites-fascinantes-a-propos-de\/\">\r\n\t\t\t\t\t\t\t\t\t\tLivourne : Curiosit\u00e9s fascinantes \u00e0 propos de                                    <\/a>\r\n                                <\/h3>\r\n                            <\/div>\r\n\t\t\t\t\t\t\r\n\t\t\t\t\t\t\r\n\t\t\t\t\t\t                    <\/div>\r\n                <\/div>\r\n            <\/div>\r\n        <\/div>\r\n    <\/div>\r\n<\/div>\r\n<div class=\"penci-bgitem\">\r\n    <div class=\"penci-bgitin\">\r\n        <div class=\"penci-bgmain\">\r\n            <div class=\"pcbg-thumb\">\r\n\t\t\t\t\t\t\t\t                <div class=\"pcbg-thumbin\">\r\n                    <a class=\"pcbg-bgoverlay\"\r\n                       href=\"https:\/\/www.sightseeing-experience.com\/magazine\/fr\/decouvrir-livourne-un-joyau-historique-sur-la-cote-italienne\/\" title=\"D\u00e9couvrir Livourne : un joyau historique sur la c\u00f4te italienne\"><\/a>\r\n\t\t\t\t\t                        <div class=\"penci-image-holder penci-lazy\"                             data-bgset=\"https:\/\/www.sightseeing-experience.com\/magazine\/wp-content\/uploads\/2024\/08\/AdobeStock_91924086-585x390.jpeg\" data_bg_hidpi=\"https:\/\/www.sightseeing-experience.com\/magazine\/wp-content\/uploads\/2024\/08\/AdobeStock_91924086-585x390.jpeg\"\r\n                             data-sizes=\"(max-width: 767px) 585px, 585px\">\r\n                        <\/div>\r\n\t\t\t\t\t                <\/div>\r\n            <\/div>\r\n            <div class=\"pcbg-content\">\r\n                <div class=\"pcbg-content-flex\">\r\n                    <a class=\"pcbg-bgoverlay active-overlay\"\r\n                       href=\"https:\/\/www.sightseeing-experience.com\/magazine\/fr\/decouvrir-livourne-un-joyau-historique-sur-la-cote-italienne\/\" title=\"D\u00e9couvrir Livourne : un joyau historique sur la c\u00f4te italienne\"><\/a>\r\n                    <div class=\"pcbg-content-inner bgcontent-block\">\r\n                        <a href=\"https:\/\/www.sightseeing-experience.com\/magazine\/fr\/decouvrir-livourne-un-joyau-historique-sur-la-cote-italienne\/\" title=\"D\u00e9couvrir Livourne : un joyau historique sur la c\u00f4te italienne\"\r\n                           class=\"pcbg-bgoverlaytext item-hover\"><\/a>\r\n\r\n\t\t\t\t\t\t\r\n\t\t\t\t\t\t                            <div class=\"pcbg-heading item-hover\">\r\n                                <h3 class=\"pcbg-title\">\r\n                                    <a href=\"https:\/\/www.sightseeing-experience.com\/magazine\/fr\/decouvrir-livourne-un-joyau-historique-sur-la-cote-italienne\/\">\r\n\t\t\t\t\t\t\t\t\t\tD\u00e9couvrir Livourne : un joyau historique sur la c\u00f4te italienne                                    <\/a>\r\n                                <\/h3>\r\n                            <\/div>\r\n\t\t\t\t\t\t\r\n\t\t\t\t\t\t\r\n\t\t\t\t\t\t                    <\/div>\r\n                <\/div>\r\n            <\/div>\r\n        <\/div>\r\n    <\/div>\r\n<\/div>\r\n<\/div>                <\/div>\r\n\t\t\t\t            <\/div>\r\n        <\/div>\r\n\t\t\t\t<\/div>\n\t\t\t\t<\/div>\n\t\t\t\t\t<\/div>\n\t\t<\/div>\n\t\t\t\t\t<\/div>\n\t\t<\/section>\n\t\t\t\t<section class=\"penci-section penci-disSticky penci-structure-10 elementor-section elementor-top-section elementor-element elementor-element-5d72367 elementor-section-boxed elementor-section-height-default elementor-section-height-default\" data-id=\"5d72367\" data-element_type=\"section\">\n\t\t\t\t\t\t<div class=\"elementor-container elementor-column-gap-default\">\n\t\t\t\t\t<div class=\"penci-ercol-100 penci-ercol-order-1 penci-sticky-ct    elementor-column elementor-col-100 elementor-top-column elementor-element elementor-element-2ec3141\" data-id=\"2ec3141\" data-element_type=\"column\">\n\t\t\t<div class=\"elementor-widget-wrap\">\n\t\t\t\t\t\t\t<\/div>\n\t\t<\/div>\n\t\t\t\t\t<\/div>\n\t\t<\/section>\n\t\t\t\t<\/div>\n\t\t","protected":false},"excerpt":{"rendered":"<p>\u00c0 VOIR R\u00e9servez maintenantvotre exp\u00e9rience TOUR GASTRONOMIQUE R\u00e9servez maintenantvotre exp\u00e9rience \u00c9V\u00c9NEMENTS &#038; TRADITIONS R\u00e9servez maintenantvotre exp\u00e9rience D\u00e9couvrir Livourne : un joyau historique sur la c\u00f4te italienne<\/p>\n","protected":false},"author":1,"featured_media":0,"parent":2768,"menu_order":0,"comment_status":"closed","ping_status":"closed","template":"page-vc.php","meta":{"footnotes":""},"class_list":["post-6078","page","type-page","status-publish","hentry"],"yoast_head":"<!-- This site is optimized with the Yoast SEO plugin v24.0 - https:\/\/yoast.com\/wordpress\/plugins\/seo\/ -->\n<title>Principales destinations de voyage en Italie - Explorez les villes et les joyaux cach\u00e9s<\/title>\n<meta name=\"description\" content=\"D\u00e9couvrez les meilleures destinations de voyage en Italie gr\u00e2ce \u00e0 notre guide d&#039;experts. Explorez les villes c\u00e9l\u00e8bres, les villages charmants et les attractions \u00e0 ne pas manquer dans toute l&#039;Italie avec le magazine Sightseeing Experience.\" \/>\n<meta name=\"robots\" content=\"index, follow, max-snippet:-1, max-image-preview:large, max-video-preview:-1\" \/>\n<link rel=\"canonical\" href=\"https:\/\/www.sightseeing-experience.com\/magazine\/fr\/destinations\/livourne\/\" \/>\n<meta property=\"og:locale\" content=\"fr_FR\" \/>\n<meta property=\"og:type\" content=\"article\" \/>\n<meta property=\"og:title\" content=\"Principales destinations de voyage en Italie - Explorez les villes et les joyaux cach\u00e9s\" \/>\n<meta property=\"og:description\" content=\"D\u00e9couvrez les meilleures destinations de voyage en Italie gr\u00e2ce \u00e0 notre guide d&#039;experts. Explorez les villes c\u00e9l\u00e8bres, les villages charmants et les attractions \u00e0 ne pas manquer dans toute l&#039;Italie avec le magazine Sightseeing Experience.\" \/>\n<meta property=\"og:url\" content=\"https:\/\/www.sightseeing-experience.com\/magazine\/fr\/destinations\/livourne\/\" \/>\n<meta property=\"og:site_name\" content=\"https:\/\/www.sightseeing-experience.com\/magazine\/\" \/>\n<meta property=\"article:modified_time\" content=\"2024-11-04T09:36:35+00:00\" \/>\n<meta name=\"twitter:card\" content=\"summary_large_image\" \/>\n<meta name=\"twitter:label1\" content=\"Est. reading time\" \/>\n\t<meta name=\"twitter:data1\" content=\"1 minute\" \/>\n<script type=\"application\/ld+json\" class=\"yoast-schema-graph\">{\"@context\":\"https:\/\/schema.org\",\"@graph\":[{\"@type\":\"WebPage\",\"@id\":\"https:\/\/www.sightseeing-experience.com\/magazine\/fr\/destinations\/livourne\/\",\"url\":\"https:\/\/www.sightseeing-experience.com\/magazine\/fr\/destinations\/livourne\/\",\"name\":\"Principales destinations de voyage en Italie - Explorez les villes et les joyaux cach\u00e9s\",\"isPartOf\":{\"@id\":\"https:\/\/www.sightseeing-experience.com\/magazine\/#website\"},\"datePublished\":\"2024-10-31T14:46:16+00:00\",\"dateModified\":\"2024-11-04T09:36:35+00:00\",\"description\":\"D\u00e9couvrez les meilleures destinations de voyage en Italie gr\u00e2ce \u00e0 notre guide d'experts. Explorez les villes c\u00e9l\u00e8bres, les villages charmants et les attractions \u00e0 ne pas manquer dans toute l'Italie avec le magazine Sightseeing Experience.\",\"breadcrumb\":{\"@id\":\"https:\/\/www.sightseeing-experience.com\/magazine\/fr\/destinations\/livourne\/#breadcrumb\"},\"inLanguage\":\"fr-FR\",\"potentialAction\":[{\"@type\":\"ReadAction\",\"target\":[\"https:\/\/www.sightseeing-experience.com\/magazine\/fr\/destinations\/livourne\/\"]}]},{\"@type\":\"BreadcrumbList\",\"@id\":\"https:\/\/www.sightseeing-experience.com\/magazine\/fr\/destinations\/livourne\/#breadcrumb\",\"itemListElement\":[{\"@type\":\"ListItem\",\"position\":1,\"name\":\"Home\",\"item\":\"https:\/\/www.sightseeing-experience.com\/magazine\/es\/\"},{\"@type\":\"ListItem\",\"position\":2,\"name\":\"DESTINATIONS\",\"item\":\"https:\/\/www.sightseeing-experience.com\/magazine\/fr\/destinations\/\"},{\"@type\":\"ListItem\",\"position\":3,\"name\":\"Livourne\"}]},{\"@type\":\"WebSite\",\"@id\":\"https:\/\/www.sightseeing-experience.com\/magazine\/#website\",\"url\":\"https:\/\/www.sightseeing-experience.com\/magazine\/\",\"name\":\"https:\/\/www.sightseeing-experience.com\/magazine\/\",\"description\":\"The official Tour Operator of City\",\"potentialAction\":[{\"@type\":\"SearchAction\",\"target\":{\"@type\":\"EntryPoint\",\"urlTemplate\":\"https:\/\/www.sightseeing-experience.com\/magazine\/?s={search_term_string}\"},\"query-input\":{\"@type\":\"PropertyValueSpecification\",\"valueRequired\":true,\"valueName\":\"search_term_string\"}}],\"inLanguage\":\"fr-FR\"}]}<\/script>\n<!-- \/ Yoast SEO plugin. -->","yoast_head_json":{"title":"Principales destinations de voyage en Italie - Explorez les villes et les joyaux cach\u00e9s","description":"D\u00e9couvrez les meilleures destinations de voyage en Italie gr\u00e2ce \u00e0 notre guide d'experts. Explorez les villes c\u00e9l\u00e8bres, les villages charmants et les attractions \u00e0 ne pas manquer dans toute l'Italie avec le magazine Sightseeing Experience.","robots":{"index":"index","follow":"follow","max-snippet":"max-snippet:-1","max-image-preview":"max-image-preview:large","max-video-preview":"max-video-preview:-1"},"canonical":"https:\/\/www.sightseeing-experience.com\/magazine\/fr\/destinations\/livourne\/","og_locale":"fr_FR","og_type":"article","og_title":"Principales destinations de voyage en Italie - Explorez les villes et les joyaux cach\u00e9s","og_description":"D\u00e9couvrez les meilleures destinations de voyage en Italie gr\u00e2ce \u00e0 notre guide d'experts. Explorez les villes c\u00e9l\u00e8bres, les villages charmants et les attractions \u00e0 ne pas manquer dans toute l'Italie avec le magazine Sightseeing Experience.","og_url":"https:\/\/www.sightseeing-experience.com\/magazine\/fr\/destinations\/livourne\/","og_site_name":"https:\/\/www.sightseeing-experience.com\/magazine\/","article_modified_time":"2024-11-04T09:36:35+00:00","twitter_card":"summary_large_image","twitter_misc":{"Est. reading time":"1 minute"},"schema":{"@context":"https:\/\/schema.org","@graph":[{"@type":"WebPage","@id":"https:\/\/www.sightseeing-experience.com\/magazine\/fr\/destinations\/livourne\/","url":"https:\/\/www.sightseeing-experience.com\/magazine\/fr\/destinations\/livourne\/","name":"Principales destinations de voyage en Italie - Explorez les villes et les joyaux cach\u00e9s","isPartOf":{"@id":"https:\/\/www.sightseeing-experience.com\/magazine\/#website"},"datePublished":"2024-10-31T14:46:16+00:00","dateModified":"2024-11-04T09:36:35+00:00","description":"D\u00e9couvrez les meilleures destinations de voyage en Italie gr\u00e2ce \u00e0 notre guide d'experts. Explorez les villes c\u00e9l\u00e8bres, les villages charmants et les attractions \u00e0 ne pas manquer dans toute l'Italie avec le magazine Sightseeing Experience.","breadcrumb":{"@id":"https:\/\/www.sightseeing-experience.com\/magazine\/fr\/destinations\/livourne\/#breadcrumb"},"inLanguage":"fr-FR","potentialAction":[{"@type":"ReadAction","target":["https:\/\/www.sightseeing-experience.com\/magazine\/fr\/destinations\/livourne\/"]}]},{"@type":"BreadcrumbList","@id":"https:\/\/www.sightseeing-experience.com\/magazine\/fr\/destinations\/livourne\/#breadcrumb","itemListElement":[{"@type":"ListItem","position":1,"name":"Home","item":"https:\/\/www.sightseeing-experience.com\/magazine\/es\/"},{"@type":"ListItem","position":2,"name":"DESTINATIONS","item":"https:\/\/www.sightseeing-experience.com\/magazine\/fr\/destinations\/"},{"@type":"ListItem","position":3,"name":"Livourne"}]},{"@type":"WebSite","@id":"https:\/\/www.sightseeing-experience.com\/magazine\/#website","url":"https:\/\/www.sightseeing-experience.com\/magazine\/","name":"https:\/\/www.sightseeing-experience.com\/magazine\/","description":"The official Tour Operator of City","potentialAction":[{"@type":"SearchAction","target":{"@type":"EntryPoint","urlTemplate":"https:\/\/www.sightseeing-experience.com\/magazine\/?s={search_term_string}"},"query-input":{"@type":"PropertyValueSpecification","valueRequired":true,"valueName":"search_term_string"}}],"inLanguage":"fr-FR"}]}},"_links":{"self":[{"href":"https:\/\/www.sightseeing-experience.com\/magazine\/fr\/wp-json\/wp\/v2\/pages\/6078","targetHints":{"allow":["GET"]}}],"collection":[{"href":"https:\/\/www.sightseeing-experience.com\/magazine\/fr\/wp-json\/wp\/v2\/pages"}],"about":[{"href":"https:\/\/www.sightseeing-experience.com\/magazine\/fr\/wp-json\/wp\/v2\/types\/page"}],"author":[{"embeddable":true,"href":"https:\/\/www.sightseeing-experience.com\/magazine\/fr\/wp-json\/wp\/v2\/users\/1"}],"replies":[{"embeddable":true,"href":"https:\/\/www.sightseeing-experience.com\/magazine\/fr\/wp-json\/wp\/v2\/comments?post=6078"}],"version-history":[{"count":9,"href":"https:\/\/www.sightseeing-experience.com\/magazine\/fr\/wp-json\/wp\/v2\/pages\/6078\/revisions"}],"predecessor-version":[{"id":7093,"href":"https:\/\/www.sightseeing-experience.com\/magazine\/fr\/wp-json\/wp\/v2\/pages\/6078\/revisions\/7093"}],"up":[{"embeddable":true,"href":"https:\/\/www.sightseeing-experience.com\/magazine\/fr\/wp-json\/wp\/v2\/pages\/2768"}],"wp:attachment":[{"href":"https:\/\/www.sightseeing-experience.com\/magazine\/fr\/wp-json\/wp\/v2\/media?parent=6078"}],"curies":[{"name":"wp","href":"https:\/\/api.w.org\/{rel}","templated":true}]}}