{"id":6458,"date":"2024-10-31T16:11:26","date_gmt":"2024-10-31T15:11:26","guid":{"rendered":"https:\/\/www.sightseeing-experience.com\/magazine\/consejos\/lengua-italiana\/"},"modified":"2024-11-04T10:44:00","modified_gmt":"2024-11-04T09:44:00","slug":"lengua-italiana","status":"publish","type":"page","link":"https:\/\/www.sightseeing-experience.com\/magazine\/es\/consejos\/lengua-italiana\/","title":{"rendered":"Lengua italiana"},"content":{"rendered":"\t\t<div data-elementor-type=\"wp-page\" data-elementor-id=\"6458\" class=\"elementor elementor-6458 elementor-6405\">\n\t\t\t\t\t\t<section class=\"penci-section penci-disSticky penci-structure-10 elementor-section elementor-top-section elementor-element elementor-element-807bfc8 elementor-section-boxed elementor-section-height-default elementor-section-height-default\" data-id=\"807bfc8\" data-element_type=\"section\">\n\t\t\t\t\t\t<div class=\"elementor-container elementor-column-gap-default\">\n\t\t\t\t\t<div class=\"penci-ercol-100 penci-ercol-order-1 penci-sticky-ct    elementor-column elementor-col-100 elementor-top-column elementor-element elementor-element-94091af\" data-id=\"94091af\" data-element_type=\"column\">\n\t\t\t<div class=\"elementor-widget-wrap elementor-element-populated\">\n\t\t\t\t\t\t<div class=\"elementor-element elementor-element-b8e6c24 penci-h-poswrap-center penci-v-poswrap-middle elementor-widget elementor-widget-penci-custom-sliders\" data-id=\"b8e6c24\" data-element_type=\"widget\" data-widget_type=\"penci-custom-sliders.default\">\n\t\t\t\t<div class=\"elementor-widget-container\">\n\t\t\t<div class=\"penci-block-vc penci-custom-slides\"><div class=\"penci-block_content penci-slides-wrap swiper penci-owl-carousel penci-owl-carousel-slider pcdots-dots\"  data-items=\"1\" data-auto=\"true\" data-autotime=\"4000\" data-speed=\"800\" data-anim=\"slide\" data-ceffect=\"swing\" data-seffect=\"creative\"><div class=\"swiper-wrapper\"><div class=\"swiper-slide elementor-repeater-item-dcf38ed penci-ctslide-wrap\"><div class=\"penci-custom-slide\"><div class=\"penci-ctslide-bg\"><\/div><div class=\"penci-ctslide-inner\"><div class=\"penci-ctslider-bg-overlay\"><\/div><div class=\"penci-ctslider-content penci-fadeInUp\"><h2 class=\"pencislider-title\">EVENTOS Y TRADICIONES<\/h2><div class=\"penci-slider_btnwrap\"><a class=\"pencislider-btn pencislider-btn-1 penci-button\" href=\"https:\/\/www.sightseeing-experience.com\/es\/excursiones\" target=\"_blank\"><span>Reserva ahora tu experiencia<\/span><\/a><\/div><\/div><\/div><\/div><\/div><div class=\"swiper-slide elementor-repeater-item-ee510d3 penci-ctslide-wrap\"><div class=\"penci-custom-slide\"><div class=\"penci-ctslide-bg\"><\/div><div class=\"penci-ctslide-inner\"><div class=\"penci-ctslider-bg-overlay\"><\/div><div class=\"penci-ctslider-content penci-fadeInUp\"><h2 class=\"pencislider-title\">DEBES VER<\/h2><div class=\"penci-slider_btnwrap\"><a class=\"pencislider-btn pencislider-btn-1 penci-button\" href=\"https:\/\/www.sightseeing-experience.com\/es\/boletos-de-entrada\" target=\"_blank\"><span>Reserva ahora tu experiencia<\/span><\/a><\/div><\/div><\/div><\/div><\/div><div class=\"swiper-slide elementor-repeater-item-58807f6 penci-ctslide-wrap\"><div class=\"penci-custom-slide\"><div class=\"penci-ctslide-bg\"><\/div><div class=\"penci-ctslide-inner\"><div class=\"penci-ctslider-bg-overlay\"><\/div><div class=\"penci-ctslider-content penci-fadeInUp\"><h2 class=\"pencislider-title\">TOUR ENOGASTRONOMICOS<\/h2><div class=\"penci-slider_btnwrap\"><a class=\"pencislider-btn pencislider-btn-1 penci-button\" href=\"https:\/\/www.sightseeing-experience.com\/es\/food-drinks-tour-enogastronomicos\" target=\"_blank\"><span>Reserva ahora tu experiencia<\/span><\/a><\/div><\/div><\/div><\/div><\/div><\/div><\/div><\/div>\t\t<\/div>\n\t\t\t\t<\/div>\n\t\t\t\t<div class=\"elementor-element elementor-element-743f9af elementor-widget-divider--view-line elementor-widget elementor-widget-divider\" data-id=\"743f9af\" data-element_type=\"widget\" data-widget_type=\"divider.default\">\n\t\t\t\t<div class=\"elementor-widget-container\">\n\t\t\t\t\t<div class=\"elementor-divider\">\n\t\t\t<span class=\"elementor-divider-separator\">\n\t\t\t\t\t\t<\/span>\n\t\t<\/div>\n\t\t\t\t<\/div>\n\t\t\t\t<\/div>\n\t\t\t\t<div class=\"elementor-element elementor-element-ad94248 elementor-widget elementor-widget-penci-big-grid\" data-id=\"ad94248\" data-element_type=\"widget\" data-widget_type=\"penci-big-grid.default\">\n\t\t\t\t<div class=\"elementor-widget-container\">\n\t\t\t        <div class=\"penci-clearfix penci-biggrid-wrapper penci-grid-col-3 penci-grid-mcol-1 penci-bgrid-based-post penci-bgrid-style-1 pcbg-ficonpo-top-right pcbg-reiconpo-top-left penci-bgrid-content-on pencibg-imageh-zoom-in pencibg-texth-none pencibg-textani-movetop textop\">\r\n\t\t\t            <div class=\"penci-clearfix penci-biggrid penci-bgstyle-1 penci-bgel\">\r\n                <div class=\"penci-biggrid-inner default\">\r\n\t\t\t\t\t<div class=\"penci-clearfix penci-biggrid-data penci-dflex\"><div class=\"penci-bgitem\">\r\n    <div class=\"penci-bgitin\">\r\n        <div class=\"penci-bgmain\">\r\n            <div class=\"pcbg-thumb\">\r\n\t\t\t\t\t\t\t\t                <div class=\"pcbg-thumbin\">\r\n                    <a class=\"pcbg-bgoverlay\"\r\n                       href=\"https:\/\/www.sightseeing-experience.com\/magazine\/es\/15-frases-basicas-en-italiano-para-tu-viaje-a-italia\/\" title=\"15 frases b\u00e1sicas en italiano para tu viaje a Italia\"><\/a>\r\n\t\t\t\t\t                        <div class=\"penci-image-holder penci-lazy\"                             data-bgset=\"https:\/\/www.sightseeing-experience.com\/magazine\/wp-content\/uploads\/2024\/01\/AdobeStock_221754725-585x390.jpeg\" data_bg_hidpi=\"https:\/\/www.sightseeing-experience.com\/magazine\/wp-content\/uploads\/2024\/01\/AdobeStock_221754725-585x390.jpeg\"\r\n                             data-sizes=\"(max-width: 767px) 585px, 585px\">\r\n                        <\/div>\r\n\t\t\t\t\t                <\/div>\r\n            <\/div>\r\n            <div class=\"pcbg-content\">\r\n                <div class=\"pcbg-content-flex\">\r\n                    <a class=\"pcbg-bgoverlay active-overlay\"\r\n                       href=\"https:\/\/www.sightseeing-experience.com\/magazine\/es\/15-frases-basicas-en-italiano-para-tu-viaje-a-italia\/\" title=\"15 frases b\u00e1sicas en italiano para tu viaje a Italia\"><\/a>\r\n                    <div class=\"pcbg-content-inner bgcontent-block\">\r\n                        <a href=\"https:\/\/www.sightseeing-experience.com\/magazine\/es\/15-frases-basicas-en-italiano-para-tu-viaje-a-italia\/\" title=\"15 frases b\u00e1sicas en italiano para tu viaje a Italia\"\r\n                           class=\"pcbg-bgoverlaytext item-hover\"><\/a>\r\n\r\n\t\t\t\t\t\t\r\n\t\t\t\t\t\t                            <div class=\"pcbg-heading item-hover\">\r\n                                <h3 class=\"pcbg-title\">\r\n                                    <a href=\"https:\/\/www.sightseeing-experience.com\/magazine\/es\/15-frases-basicas-en-italiano-para-tu-viaje-a-italia\/\">\r\n\t\t\t\t\t\t\t\t\t\t15 frases b\u00e1sicas en italiano para tu viaje a Italia                                    <\/a>\r\n                                <\/h3>\r\n                            <\/div>\r\n\t\t\t\t\t\t\r\n\t\t\t\t\t\t\r\n\t\t\t\t\t\t                    <\/div>\r\n                <\/div>\r\n            <\/div>\r\n        <\/div>\r\n    <\/div>\r\n<\/div>\r\n<div class=\"penci-bgitem\">\r\n    <div class=\"penci-bgitin\">\r\n        <div class=\"penci-bgmain\">\r\n            <div class=\"pcbg-thumb\">\r\n\t\t\t\t\t\t\t\t                <div class=\"pcbg-thumbin\">\r\n                    <a class=\"pcbg-bgoverlay\"\r\n                       href=\"https:\/\/www.sightseeing-experience.com\/magazine\/es\/los-10-mayores-choques-culturales-de-italia-lo-que-los-turistas-estadounidenses-deben-saber-antes-de-visitarla\/\" title=\"Los 10 mayores choques culturales de Italia: lo que los turistas estadounidenses deben saber antes de visitarla\"><\/a>\r\n\t\t\t\t\t                        <div class=\"penci-image-holder penci-lazy\"                             data-bgset=\"https:\/\/www.sightseeing-experience.com\/magazine\/wp-content\/uploads\/2023\/12\/AdobeStock_647586014-585x361.jpeg\" data_bg_hidpi=\"https:\/\/www.sightseeing-experience.com\/magazine\/wp-content\/uploads\/2023\/12\/AdobeStock_647586014-585x361.jpeg\"\r\n                             data-sizes=\"(max-width: 767px) 585px, 585px\">\r\n                        <\/div>\r\n\t\t\t\t\t                <\/div>\r\n            <\/div>\r\n            <div class=\"pcbg-content\">\r\n                <div class=\"pcbg-content-flex\">\r\n                    <a class=\"pcbg-bgoverlay active-overlay\"\r\n                       href=\"https:\/\/www.sightseeing-experience.com\/magazine\/es\/los-10-mayores-choques-culturales-de-italia-lo-que-los-turistas-estadounidenses-deben-saber-antes-de-visitarla\/\" title=\"Los 10 mayores choques culturales de Italia: lo que los turistas estadounidenses deben saber antes de visitarla\"><\/a>\r\n                    <div class=\"pcbg-content-inner bgcontent-block\">\r\n                        <a href=\"https:\/\/www.sightseeing-experience.com\/magazine\/es\/los-10-mayores-choques-culturales-de-italia-lo-que-los-turistas-estadounidenses-deben-saber-antes-de-visitarla\/\" title=\"Los 10 mayores choques culturales de Italia: lo que los turistas estadounidenses deben saber antes de visitarla\"\r\n                           class=\"pcbg-bgoverlaytext item-hover\"><\/a>\r\n\r\n\t\t\t\t\t\t\r\n\t\t\t\t\t\t                            <div class=\"pcbg-heading item-hover\">\r\n                                <h3 class=\"pcbg-title\">\r\n                                    <a href=\"https:\/\/www.sightseeing-experience.com\/magazine\/es\/los-10-mayores-choques-culturales-de-italia-lo-que-los-turistas-estadounidenses-deben-saber-antes-de-visitarla\/\">\r\n\t\t\t\t\t\t\t\t\t\tLos 10 mayores choques culturales de Italia: lo que los turistas estadounidenses deben saber antes de visitarla                                    <\/a>\r\n                                <\/h3>\r\n                            <\/div>\r\n\t\t\t\t\t\t\r\n\t\t\t\t\t\t\r\n\t\t\t\t\t\t                    <\/div>\r\n                <\/div>\r\n            <\/div>\r\n        <\/div>\r\n    <\/div>\r\n<\/div>\r\n<\/div>                <\/div>\r\n\t\t\t\t            <\/div>\r\n        <\/div>\r\n\t\t\t\t<\/div>\n\t\t\t\t<\/div>\n\t\t\t\t\t<\/div>\n\t\t<\/div>\n\t\t\t\t\t<\/div>\n\t\t<\/section>\n\t\t\t\t<section class=\"penci-section penci-disSticky penci-structure-10 elementor-section elementor-top-section elementor-element elementor-element-5d72367 elementor-section-boxed elementor-section-height-default elementor-section-height-default\" data-id=\"5d72367\" data-element_type=\"section\">\n\t\t\t\t\t\t<div class=\"elementor-container elementor-column-gap-default\">\n\t\t\t\t\t<div class=\"penci-ercol-100 penci-ercol-order-1 penci-sticky-ct    elementor-column elementor-col-100 elementor-top-column elementor-element elementor-element-2ec3141\" data-id=\"2ec3141\" data-element_type=\"column\">\n\t\t\t<div class=\"elementor-widget-wrap\">\n\t\t\t\t\t\t\t<\/div>\n\t\t<\/div>\n\t\t\t\t\t<\/div>\n\t\t<\/section>\n\t\t\t\t<\/div>\n\t\t","protected":false},"excerpt":{"rendered":"<p>EVENTOS Y TRADICIONES Reserva ahora tu experiencia DEBES VER Reserva ahora tu experiencia TOUR ENOGASTRONOMICOS Reserva ahora tu experiencia 15 frases b\u00e1sicas en italiano para tu viaje a Italia Los&hellip;<\/p>\n","protected":false},"author":1,"featured_media":0,"parent":2787,"menu_order":0,"comment_status":"closed","ping_status":"closed","template":"page-vc.php","meta":{"footnotes":""},"class_list":["post-6458","page","type-page","status-publish","hentry"],"yoast_head":"<!-- This site is optimized with the Yoast SEO plugin v24.0 - https:\/\/yoast.com\/wordpress\/plugins\/seo\/ -->\n<title>Consejos para viajar a Italia - Consejos de expertos para un viaje perfecto<\/title>\n<meta name=\"description\" content=\"Descubre consejos esenciales para viajar a Italia. Desde consejos para hacer la maleta hasta c\u00f3mo moverse por las ciudades y las costumbres locales, obt\u00e9n orientaci\u00f3n experta para que tu viaje a Italia sea inolvidable con la revista Sightseeing Experience.\" \/>\n<meta name=\"robots\" content=\"index, follow, max-snippet:-1, max-image-preview:large, max-video-preview:-1\" \/>\n<link rel=\"canonical\" href=\"https:\/\/www.sightseeing-experience.com\/magazine\/es\/consejos\/lengua-italiana\/\" \/>\n<meta property=\"og:locale\" content=\"es_ES\" \/>\n<meta property=\"og:type\" content=\"article\" \/>\n<meta property=\"og:title\" content=\"Consejos para viajar a Italia - Consejos de expertos para un viaje perfecto\" \/>\n<meta property=\"og:description\" content=\"Descubre consejos esenciales para viajar a Italia. Desde consejos para hacer la maleta hasta c\u00f3mo moverse por las ciudades y las costumbres locales, obt\u00e9n orientaci\u00f3n experta para que tu viaje a Italia sea inolvidable con la revista Sightseeing Experience.\" \/>\n<meta property=\"og:url\" content=\"https:\/\/www.sightseeing-experience.com\/magazine\/es\/consejos\/lengua-italiana\/\" \/>\n<meta property=\"og:site_name\" content=\"https:\/\/www.sightseeing-experience.com\/magazine\/\" \/>\n<meta property=\"article:modified_time\" content=\"2024-11-04T09:44:00+00:00\" \/>\n<meta name=\"twitter:card\" content=\"summary_large_image\" \/>\n<meta name=\"twitter:label1\" content=\"Tiempo de lectura\" \/>\n\t<meta name=\"twitter:data1\" content=\"1 minuto\" \/>\n<script type=\"application\/ld+json\" class=\"yoast-schema-graph\">{\"@context\":\"https:\/\/schema.org\",\"@graph\":[{\"@type\":\"WebPage\",\"@id\":\"https:\/\/www.sightseeing-experience.com\/magazine\/es\/consejos\/lengua-italiana\/\",\"url\":\"https:\/\/www.sightseeing-experience.com\/magazine\/es\/consejos\/lengua-italiana\/\",\"name\":\"Consejos para viajar a Italia - Consejos de expertos para un viaje perfecto\",\"isPartOf\":{\"@id\":\"https:\/\/www.sightseeing-experience.com\/magazine\/#website\"},\"datePublished\":\"2024-10-31T15:11:26+00:00\",\"dateModified\":\"2024-11-04T09:44:00+00:00\",\"description\":\"Descubre consejos esenciales para viajar a Italia. Desde consejos para hacer la maleta hasta c\u00f3mo moverse por las ciudades y las costumbres locales, obt\u00e9n orientaci\u00f3n experta para que tu viaje a Italia sea inolvidable con la revista Sightseeing Experience.\",\"breadcrumb\":{\"@id\":\"https:\/\/www.sightseeing-experience.com\/magazine\/es\/consejos\/lengua-italiana\/#breadcrumb\"},\"inLanguage\":\"es\",\"potentialAction\":[{\"@type\":\"ReadAction\",\"target\":[\"https:\/\/www.sightseeing-experience.com\/magazine\/es\/consejos\/lengua-italiana\/\"]}]},{\"@type\":\"BreadcrumbList\",\"@id\":\"https:\/\/www.sightseeing-experience.com\/magazine\/es\/consejos\/lengua-italiana\/#breadcrumb\",\"itemListElement\":[{\"@type\":\"ListItem\",\"position\":1,\"name\":\"Home\",\"item\":\"https:\/\/www.sightseeing-experience.com\/magazine\/es\/\"},{\"@type\":\"ListItem\",\"position\":2,\"name\":\"CONSEJOS\",\"item\":\"https:\/\/www.sightseeing-experience.com\/magazine\/es\/consejos\/\"},{\"@type\":\"ListItem\",\"position\":3,\"name\":\"Lengua italiana\"}]},{\"@type\":\"WebSite\",\"@id\":\"https:\/\/www.sightseeing-experience.com\/magazine\/#website\",\"url\":\"https:\/\/www.sightseeing-experience.com\/magazine\/\",\"name\":\"https:\/\/www.sightseeing-experience.com\/magazine\/\",\"description\":\"The official Tour Operator of City\",\"potentialAction\":[{\"@type\":\"SearchAction\",\"target\":{\"@type\":\"EntryPoint\",\"urlTemplate\":\"https:\/\/www.sightseeing-experience.com\/magazine\/?s={search_term_string}\"},\"query-input\":{\"@type\":\"PropertyValueSpecification\",\"valueRequired\":true,\"valueName\":\"search_term_string\"}}],\"inLanguage\":\"es\"}]}<\/script>\n<!-- \/ Yoast SEO plugin. -->","yoast_head_json":{"title":"Consejos para viajar a Italia - Consejos de expertos para un viaje perfecto","description":"Descubre consejos esenciales para viajar a Italia. Desde consejos para hacer la maleta hasta c\u00f3mo moverse por las ciudades y las costumbres locales, obt\u00e9n orientaci\u00f3n experta para que tu viaje a Italia sea inolvidable con la revista Sightseeing Experience.","robots":{"index":"index","follow":"follow","max-snippet":"max-snippet:-1","max-image-preview":"max-image-preview:large","max-video-preview":"max-video-preview:-1"},"canonical":"https:\/\/www.sightseeing-experience.com\/magazine\/es\/consejos\/lengua-italiana\/","og_locale":"es_ES","og_type":"article","og_title":"Consejos para viajar a Italia - Consejos de expertos para un viaje perfecto","og_description":"Descubre consejos esenciales para viajar a Italia. Desde consejos para hacer la maleta hasta c\u00f3mo moverse por las ciudades y las costumbres locales, obt\u00e9n orientaci\u00f3n experta para que tu viaje a Italia sea inolvidable con la revista Sightseeing Experience.","og_url":"https:\/\/www.sightseeing-experience.com\/magazine\/es\/consejos\/lengua-italiana\/","og_site_name":"https:\/\/www.sightseeing-experience.com\/magazine\/","article_modified_time":"2024-11-04T09:44:00+00:00","twitter_card":"summary_large_image","twitter_misc":{"Tiempo de lectura":"1 minuto"},"schema":{"@context":"https:\/\/schema.org","@graph":[{"@type":"WebPage","@id":"https:\/\/www.sightseeing-experience.com\/magazine\/es\/consejos\/lengua-italiana\/","url":"https:\/\/www.sightseeing-experience.com\/magazine\/es\/consejos\/lengua-italiana\/","name":"Consejos para viajar a Italia - Consejos de expertos para un viaje perfecto","isPartOf":{"@id":"https:\/\/www.sightseeing-experience.com\/magazine\/#website"},"datePublished":"2024-10-31T15:11:26+00:00","dateModified":"2024-11-04T09:44:00+00:00","description":"Descubre consejos esenciales para viajar a Italia. Desde consejos para hacer la maleta hasta c\u00f3mo moverse por las ciudades y las costumbres locales, obt\u00e9n orientaci\u00f3n experta para que tu viaje a Italia sea inolvidable con la revista Sightseeing Experience.","breadcrumb":{"@id":"https:\/\/www.sightseeing-experience.com\/magazine\/es\/consejos\/lengua-italiana\/#breadcrumb"},"inLanguage":"es","potentialAction":[{"@type":"ReadAction","target":["https:\/\/www.sightseeing-experience.com\/magazine\/es\/consejos\/lengua-italiana\/"]}]},{"@type":"BreadcrumbList","@id":"https:\/\/www.sightseeing-experience.com\/magazine\/es\/consejos\/lengua-italiana\/#breadcrumb","itemListElement":[{"@type":"ListItem","position":1,"name":"Home","item":"https:\/\/www.sightseeing-experience.com\/magazine\/es\/"},{"@type":"ListItem","position":2,"name":"CONSEJOS","item":"https:\/\/www.sightseeing-experience.com\/magazine\/es\/consejos\/"},{"@type":"ListItem","position":3,"name":"Lengua italiana"}]},{"@type":"WebSite","@id":"https:\/\/www.sightseeing-experience.com\/magazine\/#website","url":"https:\/\/www.sightseeing-experience.com\/magazine\/","name":"https:\/\/www.sightseeing-experience.com\/magazine\/","description":"The official Tour Operator of City","potentialAction":[{"@type":"SearchAction","target":{"@type":"EntryPoint","urlTemplate":"https:\/\/www.sightseeing-experience.com\/magazine\/?s={search_term_string}"},"query-input":{"@type":"PropertyValueSpecification","valueRequired":true,"valueName":"search_term_string"}}],"inLanguage":"es"}]}},"_links":{"self":[{"href":"https:\/\/www.sightseeing-experience.com\/magazine\/es\/wp-json\/wp\/v2\/pages\/6458","targetHints":{"allow":["GET"]}}],"collection":[{"href":"https:\/\/www.sightseeing-experience.com\/magazine\/es\/wp-json\/wp\/v2\/pages"}],"about":[{"href":"https:\/\/www.sightseeing-experience.com\/magazine\/es\/wp-json\/wp\/v2\/types\/page"}],"author":[{"embeddable":true,"href":"https:\/\/www.sightseeing-experience.com\/magazine\/es\/wp-json\/wp\/v2\/users\/1"}],"replies":[{"embeddable":true,"href":"https:\/\/www.sightseeing-experience.com\/magazine\/es\/wp-json\/wp\/v2\/comments?post=6458"}],"version-history":[{"count":11,"href":"https:\/\/www.sightseeing-experience.com\/magazine\/es\/wp-json\/wp\/v2\/pages\/6458\/revisions"}],"predecessor-version":[{"id":6969,"href":"https:\/\/www.sightseeing-experience.com\/magazine\/es\/wp-json\/wp\/v2\/pages\/6458\/revisions\/6969"}],"up":[{"embeddable":true,"href":"https:\/\/www.sightseeing-experience.com\/magazine\/es\/wp-json\/wp\/v2\/pages\/2787"}],"wp:attachment":[{"href":"https:\/\/www.sightseeing-experience.com\/magazine\/es\/wp-json\/wp\/v2\/media?parent=6458"}],"curies":[{"name":"wp","href":"https:\/\/api.w.org\/{rel}","templated":true}]}}